{"id":26,"date":"2019-11-02T16:33:03","date_gmt":"2019-11-02T16:33:03","guid":{"rendered":"http:\/\/adoing.de\/?page_id=26"},"modified":"2023-06-05T19:49:32","modified_gmt":"2023-06-05T19:49:32","slug":"home","status":"publish","type":"page","link":"https:\/\/adoing.de\/","title":{"rendered":"Prof. Dr.-Ing. Andreas Doleschel"},"content":{"rendered":"\n<h3 class=\"wp-block-heading\">Willkommen auf der Seite<\/h3>\n\n\n\n<p><strong>A<\/strong>ndreas <strong>DO<\/strong>leschel <strong>ING<\/strong>enieurb\u00fcro &#8211; ADOING.DE<\/p>\n\n\n\n<h3 class=\"wp-block-heading\">Beratung, Schulung und Projekte auf Anfrage<\/h3>\n\n\n\n<ul><li>Technische Untersuchungen<\/li><li>Berechnungen und Konstruktion<\/li><li>Schulungen im Bereich Konstruktion und Maschinenelemente, spez. Lager und Verzahnungen<\/li><li>Freiberufliche T\u00e4tigkeiten<\/li><\/ul>\n\n\n\n<h3 class=\"wp-block-heading\">Steckbrief<strong>:<\/strong><\/h3>\n\n\n\n<p>Studium allgemeiner Maschinenbau an der <strong>TU M\u00fcnchen<\/strong><\/p>\n\n\n\n<p>Promotion im Bereich Verzahnung und speziell Schmierstoffe von Getrieben an der Forschungsstelle f\u00fcr Zahnr\u00e4der und Getriebe<strong> FZG der TU M\u00fcnchen<\/strong> erstellt.<\/p>\n\n\n\n<p>Intensivierung der Getriebekenntnisse bei Airbus Helicopter (ehem. <strong>Eurocopter<\/strong>) als Manager Transmission, verantwortlich als Musterpr\u00fcfingenieur f\u00fcr den mechanischen Antriebsstrang der Hubschrauber Bo105, H135 und H145.<\/p>\n\n\n\n<p>Entwicklungsleiter f\u00fcr Drehkupplungen zur \u00dcbertragung von Daten, Energie und Stoffen (Gase, Fl\u00fcssigkeiten) von stehenden auf drehende Systeme bei der <strong>Spinner GmbH<\/strong> in Feldkirchen-Westerham.<\/p>\n\n\n\n<p>Unterrichtet heute an der <strong>TH Rosenheim<\/strong> CAD, Konstruktion, Technische Mechanik und spezielle Getriebethemen<\/p>\n\n\n\n<h3 class=\"wp-block-heading\">Kontakt<\/h3>\n\n\n\n<p>Email: <a href=\"mailto:andreas@adoing.de\">andreas<\/a><a href=\"mailto:info@adoing.de\">@adoing.de<\/a><\/p>\n","protected":false},"excerpt":{"rendered":"<p>Willkommen auf der Seite Andreas DOleschel INGenieurb\u00fcro &#8211; ADOING.DE Beratung, Schulung und Projekte auf Anfrage Technische Untersuchungen Berechnungen und Konstruktion Schulungen im Bereich Konstruktion und Maschinenelemente, spez. Lager und Verzahnungen Freiberufliche T\u00e4tigkeiten Steckbrief: Studium allgemeiner Maschinenbau an der TU M\u00fcnchen Promotion im Bereich Verzahnung und speziell Schmierstoffe von Getrieben an der Forschungsstelle f\u00fcr Zahnr\u00e4der und&hellip; <a href=\"https:\/\/adoing.de\/\" class=\"more-link\">Weiterlesen <span class=\"screen-reader-text\">Prof. Dr.-Ing. Andreas Doleschel<\/span><\/a><\/p>\n","protected":false},"author":1,"featured_media":0,"parent":0,"menu_order":0,"comment_status":"closed","ping_status":"closed","template":"template-business.php","meta":[],"_links":{"self":[{"href":"https:\/\/adoing.de\/index.php?rest_route=\/wp\/v2\/pages\/26"}],"collection":[{"href":"https:\/\/adoing.de\/index.php?rest_route=\/wp\/v2\/pages"}],"about":[{"href":"https:\/\/adoing.de\/index.php?rest_route=\/wp\/v2\/types\/page"}],"author":[{"embeddable":true,"href":"https:\/\/adoing.de\/index.php?rest_route=\/wp\/v2\/users\/1"}],"replies":[{"embeddable":true,"href":"https:\/\/adoing.de\/index.php?rest_route=%2Fwp%2Fv2%2Fcomments&post=26"}],"version-history":[{"count":8,"href":"https:\/\/adoing.de\/index.php?rest_route=\/wp\/v2\/pages\/26\/revisions"}],"predecessor-version":[{"id":79,"href":"https:\/\/adoing.de\/index.php?rest_route=\/wp\/v2\/pages\/26\/revisions\/79"}],"wp:attachment":[{"href":"https:\/\/adoing.de\/index.php?rest_route=%2Fwp%2Fv2%2Fmedia&parent=26"}],"curies":[{"name":"wp","href":"https:\/\/api.w.org\/{rel}","templated":true}]}}