{"id":39,"date":"2019-11-02T17:09:13","date_gmt":"2019-11-02T17:09:13","guid":{"rendered":"http:\/\/adoing.de\/?page_id=39"},"modified":"2019-11-03T16:28:43","modified_gmt":"2019-11-03T16:28:43","slug":"cv","status":"publish","type":"page","link":"https:\/\/adoing.de\/?page_id=39","title":{"rendered":"CV &#8211; Andreas Doleschel"},"content":{"rendered":"\n<h4 class=\"wp-block-heading\">Pers\u00f6nliches<\/h4>\n\n\n\n<p>Jahrgang 1972, verheiratet und 5 Kinder<\/p>\n\n\n\n<h4 class=\"wp-block-heading\">Studium an der TU in M\u00fcnchen<\/h4>\n\n\n\n<ul><li>Fachrichtung &#8222;Theorie und Forschung&#8220;<\/li><li>Sehr guter Abschlu\u00df<\/li><\/ul>\n\n\n\n<h4 class=\"wp-block-heading\">Promotion an der FZG der TU M\u00fcnchen<\/h4>\n\n\n\n<ul><li>Promotion &#8222;Wirkungsgradberechnung von Zahnradgetrieben in Abh\u00e4ngigkeit vom Schmierstoff &#8222;<\/li><li>Bearbeitung von Gutachten f\u00fcr diverse Firmen (Schmierstoffhersteller, Automobilbau, Industriegetriebe)<\/li><li>Bearbeitung von Forschungsvorhaben f\u00fcr die Forschungsvereinigung Antriebstechnik (FVA) und die Deutsche Gesellschaft f\u00fcr Mineral\u00f6l und Kohle (DGMK)<\/li><\/ul>\n\n\n\n<h4 class=\"wp-block-heading\">Eurocopter Deutschland GmbH<\/h4>\n\n\n\n<ul><li>Entwicklung und Zulassung neuer Systeme<\/li><li>Musterpr\u00fcfingenieur f\u00fcr den mechanischen Antriebsstrang <\/li><li>Flugunfalluntersuchung  <\/li><li>Zust\u00e4ndig f\u00fcr die Hubschraubermuster H135, H145 und Bo105<\/li><\/ul>\n\n\n\n<h4 class=\"wp-block-heading\">Spinner GmbH<\/h4>\n\n\n\n<ul><li>Produktentwicklung von Dreh\u00fcbertragern f\u00fcr Daten (Hochfrequenz, Optisch, elektronisch kontaktlos und kontaktierend), Energie und Stoffe (K\u00fchlwasser und Gase)<\/li><\/ul>\n\n\n\n<h4 class=\"wp-block-heading\">TH Rosenheim<\/h4>\n\n\n\n<ul><li>Zust\u00e4ndig f\u00fcr die mechanische Ingenieursausbildung der Wirtschaftsingenieure: Konstruktion, Maschinenelemente, CAD &amp; Technische Mechanik<\/li><li>Zusatzvorlesungen Getriebethemen<\/li><li>Ausbildungsinhalte bei Maschinenbauingenieuren<\/li><\/ul>\n","protected":false},"excerpt":{"rendered":"<p>Pers\u00f6nliches Jahrgang 1972, verheiratet und 5 Kinder Studium an der TU in M\u00fcnchen Fachrichtung &#8222;Theorie und Forschung&#8220; Sehr guter Abschlu\u00df Promotion an der FZG der TU M\u00fcnchen Promotion &#8222;Wirkungsgradberechnung von Zahnradgetrieben in Abh\u00e4ngigkeit vom Schmierstoff &#8222; Bearbeitung von Gutachten f\u00fcr diverse Firmen (Schmierstoffhersteller, Automobilbau, Industriegetriebe) Bearbeitung von Forschungsvorhaben f\u00fcr die Forschungsvereinigung Antriebstechnik (FVA) und die&hellip; <a href=\"https:\/\/adoing.de\/?page_id=39\" class=\"more-link\">Weiterlesen <span class=\"screen-reader-text\">CV &#8211; Andreas Doleschel<\/span><\/a><\/p>\n","protected":false},"author":1,"featured_media":0,"parent":0,"menu_order":0,"comment_status":"closed","ping_status":"closed","template":"","meta":[],"_links":{"self":[{"href":"https:\/\/adoing.de\/index.php?rest_route=\/wp\/v2\/pages\/39"}],"collection":[{"href":"https:\/\/adoing.de\/index.php?rest_route=\/wp\/v2\/pages"}],"about":[{"href":"https:\/\/adoing.de\/index.php?rest_route=\/wp\/v2\/types\/page"}],"author":[{"embeddable":true,"href":"https:\/\/adoing.de\/index.php?rest_route=\/wp\/v2\/users\/1"}],"replies":[{"embeddable":true,"href":"https:\/\/adoing.de\/index.php?rest_route=%2Fwp%2Fv2%2Fcomments&post=39"}],"version-history":[{"count":3,"href":"https:\/\/adoing.de\/index.php?rest_route=\/wp\/v2\/pages\/39\/revisions"}],"predecessor-version":[{"id":64,"href":"https:\/\/adoing.de\/index.php?rest_route=\/wp\/v2\/pages\/39\/revisions\/64"}],"wp:attachment":[{"href":"https:\/\/adoing.de\/index.php?rest_route=%2Fwp%2Fv2%2Fmedia&parent=39"}],"curies":[{"name":"wp","href":"https:\/\/api.w.org\/{rel}","templated":true}]}}